{"id":2945,"date":"2019-10-24T12:03:09","date_gmt":"2019-10-24T10:03:09","guid":{"rendered":"https:\/\/hotelvillasavoia.archibuzz.tech\/umgebung\/"},"modified":"2019-11-26T18:08:26","modified_gmt":"2019-11-26T17:08:26","slug":"umgebung","status":"publish","type":"page","link":"https:\/\/www.hotelvillasavoia.com\/de\/umgebung\/","title":{"rendered":"Umgebung"},"content":{"rendered":"\t\t<div data-elementor-type=\"wp-post\" data-elementor-id=\"2945\" class=\"elementor elementor-2945 elementor-1868\">\n\t\t\t\t\t\t<section class=\"elementor-section elementor-top-section elementor-element elementor-element-c1f0e59 elementor-section-boxed elementor-section-height-default elementor-section-height-default\" data-id=\"c1f0e59\" data-element_type=\"section\" data-e-type=\"section\">\n\t\t\t\t\t\t<div class=\"elementor-container elementor-column-gap-default\">\n\t\t\t\t\t<div class=\"elementor-column elementor-col-100 elementor-top-column elementor-element elementor-element-4677f23\" data-id=\"4677f23\" data-element_type=\"column\" data-e-type=\"column\">\n\t\t\t<div class=\"elementor-widget-wrap elementor-element-populated\">\n\t\t\t\t\t\t<div class=\"elementor-element elementor-element-2b894d5 elementor-widget elementor-widget-text-editor\" data-id=\"2b894d5\" data-element_type=\"widget\" data-e-type=\"widget\" data-widget_type=\"text-editor.default\">\n\t\t\t\t<div class=\"elementor-widget-container\">\n\t\t\t\t\t\t\t\t\t<h1 class=\"color-text-red font-size-42\" style=\"text-align: center;\">UMGEBUNG<\/h1>\n<div class=\"red-divider color-text-red\"><\/div>\n\t\t\t\t\t\t\t\t<\/div>\n\t\t\t\t<\/div>\n\t\t\t\t\t<\/div>\n\t\t<\/div>\n\t\t\t\t\t<\/div>\n\t\t<\/section>\n\t\t\t\t<section class=\"elementor-section elementor-top-section elementor-element elementor-element-de4c81f elementor-section-boxed elementor-section-height-default elementor-section-height-default\" data-id=\"de4c81f\" data-element_type=\"section\" data-e-type=\"section\">\n\t\t\t\t\t\t<div class=\"elementor-container elementor-column-gap-default\">\n\t\t\t\t\t<div class=\"elementor-column elementor-col-100 elementor-top-column elementor-element elementor-element-12ac0e6\" data-id=\"12ac0e6\" data-element_type=\"column\" data-e-type=\"column\">\n\t\t\t<div class=\"elementor-widget-wrap elementor-element-populated\">\n\t\t\t\t\t\t<section class=\"elementor-section elementor-inner-section elementor-element elementor-element-5994bb2 elementor-section-boxed elementor-section-height-default elementor-section-height-default\" data-id=\"5994bb2\" data-element_type=\"section\" data-e-type=\"section\">\n\t\t\t\t\t\t<div class=\"elementor-container elementor-column-gap-default\">\n\t\t\t\t\t<div class=\"elementor-column elementor-col-50 elementor-inner-column elementor-element elementor-element-97746fd\" data-id=\"97746fd\" data-element_type=\"column\" data-e-type=\"column\">\n\t\t\t<div class=\"elementor-widget-wrap elementor-element-populated\">\n\t\t\t\t\t\t<div class=\"elementor-element elementor-element-aa5f53a elementor-widget elementor-widget-text-editor\" data-id=\"aa5f53a\" data-element_type=\"widget\" data-e-type=\"widget\" data-widget_type=\"text-editor.default\">\n\t\t\t\t<div class=\"elementor-widget-container\">\n\t\t\t\t\t\t\t\t\t<p><iframe style=\"border: 0;\" src=\"https:\/\/www.google.com\/maps\/embed?pb=!1m14!1m8!1m3!1d11268.40336230432!2d7.4163952!3d45.0837482!3m2!1i1024!2i768!4f13.1!3m3!1m2!1s0x0%3A0x861b7423ad37a724!2sHotel%20Ninfa!5e0!3m2!1sit!2sit!4v1572529063309!5m2!1sit!2sit\" width=\"600\" height=\"450\" frameborder=\"0\" allowfullscreen=\"allowfullscreen\"><\/iframe><\/p>\n\t\t\t\t\t\t\t\t<\/div>\n\t\t\t\t<\/div>\n\t\t\t\t\t<\/div>\n\t\t<\/div>\n\t\t\t\t<div class=\"elementor-column elementor-col-50 elementor-inner-column elementor-element elementor-element-12506f4\" data-id=\"12506f4\" data-element_type=\"column\" data-e-type=\"column\">\n\t\t\t<div class=\"elementor-widget-wrap elementor-element-populated\">\n\t\t\t\t\t\t<div class=\"elementor-element elementor-element-c94d7c9 elementor-widget elementor-widget-text-editor\" data-id=\"c94d7c9\" data-element_type=\"widget\" data-e-type=\"widget\" data-widget_type=\"text-editor.default\">\n\t\t\t\t<div class=\"elementor-widget-container\">\n\t\t\t\t\t\t\t\t\t<p style=\"text-align: left;\">In der N\u00e4he k\u00f6nnen Sie dank der Seen zum Angeln oder Wasserski fahren, Reitst\u00e4lle f\u00fcr Ausritte oder \u00f6kologische Spazierg\u00e4nge, Golfpl\u00e4tze und Tennispl\u00e4tze viele Sportarten aus\u00fcben und f\u00fcr diejenigen, die Wintersport lieben, sind wir nur 45 Minuten von den besten Skigebieten in Sestriere, Sauze d&#8217;Oulx, Montgenevre entfernt. F\u00fcr diejenigen, die Orte der Kunst und Kultur lieben, m\u00f6chten wir Sie daran erinnern, dass Sie das ber\u00fchmte Schloss von Rivoli, die Abtei Sacra di San Michele, die Abtei Sant&#8217;Antonio di Ranverso und die mittelalterliche Avigliana besuchen k\u00f6nnen.<\/p>\n<p style=\"text-align: left;\">M\u00f6chten Sie Tipps bekommen, was Sie im Susatal oder in Turin sehen k\u00f6nnen? Ein paar Kilometer vom Hotel, k\u00f6nnen Sie einige der Wunder unserer Region erkunden.<\/p>\n\t\t\t\t\t\t\t\t<\/div>\n\t\t\t\t<\/div>\n\t\t\t\t\t<\/div>\n\t\t<\/div>\n\t\t\t\t\t<\/div>\n\t\t<\/section>\n\t\t\t\t\t<\/div>\n\t\t<\/div>\n\t\t\t\t\t<\/div>\n\t\t<\/section>\n\t\t\t\t<section class=\"elementor-section elementor-top-section elementor-element elementor-element-c537f91 elementor-section-boxed elementor-section-height-default elementor-section-height-default\" data-id=\"c537f91\" data-element_type=\"section\" data-e-type=\"section\">\n\t\t\t\t\t\t<div class=\"elementor-container elementor-column-gap-default\">\n\t\t\t\t\t<div class=\"elementor-column elementor-col-100 elementor-top-column elementor-element elementor-element-4c7483e\" data-id=\"4c7483e\" data-element_type=\"column\" data-e-type=\"column\">\n\t\t\t<div class=\"elementor-widget-wrap elementor-element-populated\">\n\t\t\t\t\t\t<div class=\"elementor-element elementor-element-ac805f2 elementor-widget elementor-widget-text-editor\" data-id=\"ac805f2\" data-element_type=\"widget\" data-e-type=\"widget\" data-widget_type=\"text-editor.default\">\n\t\t\t\t<div class=\"elementor-widget-container\">\n\t\t\t\t\t\t\t\t\t<p style=\"text-align: center;\">Entdecken Sie die Wunder des Susatales. Spektakul\u00e4re Orte zwischen Kultur, Natur und Spa\u00df, nur wenige Schritte von unserem Hotel Ninfa entfernt<\/p>\n<p><ul class=\"display-posts-listing\"><li class=\"listing-item\"><a class=\"image\" href=\"https:\/\/www.hotelvillasavoia.com\/de\/umgebung\/museums\/\"><img decoding=\"async\" width=\"300\" height=\"158\" src=\"https:\/\/www.hotelvillasavoia.com\/wp-content\/uploads\/2019\/09\/HN-Copertina-Museo-Egizio-300x158.jpg\" class=\"attachment-medium size-medium wp-post-image\" alt=\"HN-Musei\" srcset=\"https:\/\/www.hotelvillasavoia.com\/wp-content\/uploads\/2019\/09\/HN-Copertina-Museo-Egizio-300x158.jpg 300w, https:\/\/www.hotelvillasavoia.com\/wp-content\/uploads\/2019\/09\/HN-Copertina-Museo-Egizio-600x315.jpg 600w, https:\/\/www.hotelvillasavoia.com\/wp-content\/uploads\/2019\/09\/HN-Copertina-Museo-Egizio-768x403.jpg 768w, https:\/\/www.hotelvillasavoia.com\/wp-content\/uploads\/2019\/09\/HN-Copertina-Museo-Egizio-1024x538.jpg 1024w, https:\/\/www.hotelvillasavoia.com\/wp-content\/uploads\/2019\/09\/HN-Copertina-Museo-Egizio-67x35.jpg 67w, https:\/\/www.hotelvillasavoia.com\/wp-content\/uploads\/2019\/09\/HN-Copertina-Museo-Egizio-152x80.jpg 152w, https:\/\/www.hotelvillasavoia.com\/wp-content\/uploads\/2019\/09\/HN-Copertina-Museo-Egizio-394x207.jpg 394w, https:\/\/www.hotelvillasavoia.com\/wp-content\/uploads\/2019\/09\/HN-Copertina-Museo-Egizio-915x480.jpg 915w, https:\/\/www.hotelvillasavoia.com\/wp-content\/uploads\/2019\/09\/HN-Copertina-Museo-Egizio.jpg 1200w\" sizes=\"(max-width: 300px) 100vw, 300px\" \/><\/a> <a class=\"title\" href=\"https:\/\/www.hotelvillasavoia.com\/de\/umgebung\/museums\/\">Museen<\/a> <span class=\"excerpt-dash\">&#8211;<\/span> <span class=\"excerpt\">SCHLOSS VON RIVOLI &#8211; MUSEUM F\u00dcR ZEITGEN\u00d6SSISCHE KUNST Die architektonische Vielfalt der R\u00e4ume des Castello&hellip; <span class=\"excerpt-more\">Leggi tutto<\/span><\/span><\/li><li class=\"listing-item\"><a class=\"image\" href=\"https:\/\/www.hotelvillasavoia.com\/de\/umgebung\/turin\/\"><img decoding=\"async\" width=\"300\" height=\"158\" src=\"https:\/\/www.hotelvillasavoia.com\/wp-content\/uploads\/2019\/11\/HN-Copertina-Piazza-Castello-300x158.jpg\" class=\"attachment-medium size-medium wp-post-image\" alt=\"HN-Torino\" srcset=\"https:\/\/www.hotelvillasavoia.com\/wp-content\/uploads\/2019\/11\/HN-Copertina-Piazza-Castello-300x158.jpg 300w, https:\/\/www.hotelvillasavoia.com\/wp-content\/uploads\/2019\/11\/HN-Copertina-Piazza-Castello-600x315.jpg 600w, https:\/\/www.hotelvillasavoia.com\/wp-content\/uploads\/2019\/11\/HN-Copertina-Piazza-Castello-768x403.jpg 768w, https:\/\/www.hotelvillasavoia.com\/wp-content\/uploads\/2019\/11\/HN-Copertina-Piazza-Castello-1024x538.jpg 1024w, https:\/\/www.hotelvillasavoia.com\/wp-content\/uploads\/2019\/11\/HN-Copertina-Piazza-Castello-67x35.jpg 67w, https:\/\/www.hotelvillasavoia.com\/wp-content\/uploads\/2019\/11\/HN-Copertina-Piazza-Castello-152x80.jpg 152w, https:\/\/www.hotelvillasavoia.com\/wp-content\/uploads\/2019\/11\/HN-Copertina-Piazza-Castello-394x207.jpg 394w, https:\/\/www.hotelvillasavoia.com\/wp-content\/uploads\/2019\/11\/HN-Copertina-Piazza-Castello-915x480.jpg 915w, https:\/\/www.hotelvillasavoia.com\/wp-content\/uploads\/2019\/11\/HN-Copertina-Piazza-Castello.jpg 1200w\" sizes=\"(max-width: 300px) 100vw, 300px\" \/><\/a> <a class=\"title\" href=\"https:\/\/www.hotelvillasavoia.com\/de\/umgebung\/turin\/\">Turin<\/a> <span class=\"excerpt-dash\">&#8211;<\/span> <span class=\"excerpt\">Nur wenige Kilometer von unserem Hotel entfernt, k\u00f6nnen Sie Turin mit all seinem kulturellen Erbe,&hellip; <span class=\"excerpt-more\">Leggi tutto<\/span><\/span><\/li><li class=\"listing-item\"><a class=\"image\" href=\"https:\/\/www.hotelvillasavoia.com\/de\/umgebung\/val-di-susa\/\"><img decoding=\"async\" width=\"300\" height=\"158\" src=\"https:\/\/www.hotelvillasavoia.com\/wp-content\/uploads\/2019\/09\/HN-Copertina-ValDiSusa-300x158.jpg\" class=\"attachment-medium size-medium wp-post-image\" alt=\"HN-Copertina-ValDiSusa\" srcset=\"https:\/\/www.hotelvillasavoia.com\/wp-content\/uploads\/2019\/09\/HN-Copertina-ValDiSusa-300x158.jpg 300w, https:\/\/www.hotelvillasavoia.com\/wp-content\/uploads\/2019\/09\/HN-Copertina-ValDiSusa-600x315.jpg 600w, https:\/\/www.hotelvillasavoia.com\/wp-content\/uploads\/2019\/09\/HN-Copertina-ValDiSusa-768x403.jpg 768w, https:\/\/www.hotelvillasavoia.com\/wp-content\/uploads\/2019\/09\/HN-Copertina-ValDiSusa-1024x538.jpg 1024w, https:\/\/www.hotelvillasavoia.com\/wp-content\/uploads\/2019\/09\/HN-Copertina-ValDiSusa-67x35.jpg 67w, https:\/\/www.hotelvillasavoia.com\/wp-content\/uploads\/2019\/09\/HN-Copertina-ValDiSusa-152x80.jpg 152w, https:\/\/www.hotelvillasavoia.com\/wp-content\/uploads\/2019\/09\/HN-Copertina-ValDiSusa-394x207.jpg 394w, https:\/\/www.hotelvillasavoia.com\/wp-content\/uploads\/2019\/09\/HN-Copertina-ValDiSusa-915x480.jpg 915w, https:\/\/www.hotelvillasavoia.com\/wp-content\/uploads\/2019\/09\/HN-Copertina-ValDiSusa.jpg 1200w\" sizes=\"(max-width: 300px) 100vw, 300px\" \/><\/a> <a class=\"title\" href=\"https:\/\/www.hotelvillasavoia.com\/de\/umgebung\/val-di-susa\/\">Susatal<\/a> <span class=\"excerpt-dash\">&#8211;<\/span> <span class=\"excerpt\">Das Susatal ist ein altes Land, reich an Geschichte und Kultur, \u00fcberrascht die Besucher mit&hellip; <span class=\"excerpt-more\">Leggi tutto<\/span><\/span><\/li><li class=\"listing-item\"><a class=\"image\" href=\"https:\/\/www.hotelvillasavoia.com\/de\/umgebung\/avigliana-lakes\/\"><img loading=\"lazy\" decoding=\"async\" width=\"300\" height=\"158\" src=\"https:\/\/www.hotelvillasavoia.com\/wp-content\/uploads\/2019\/09\/HN-Copertina-LaghiDiAvigliana-1-300x158.jpg\" class=\"attachment-medium size-medium wp-post-image\" alt=\"HN-Copertina-LaghiDiAvigliana\" srcset=\"https:\/\/www.hotelvillasavoia.com\/wp-content\/uploads\/2019\/09\/HN-Copertina-LaghiDiAvigliana-1-300x158.jpg 300w, https:\/\/www.hotelvillasavoia.com\/wp-content\/uploads\/2019\/09\/HN-Copertina-LaghiDiAvigliana-1-600x315.jpg 600w, https:\/\/www.hotelvillasavoia.com\/wp-content\/uploads\/2019\/09\/HN-Copertina-LaghiDiAvigliana-1-768x403.jpg 768w, https:\/\/www.hotelvillasavoia.com\/wp-content\/uploads\/2019\/09\/HN-Copertina-LaghiDiAvigliana-1-1024x538.jpg 1024w, https:\/\/www.hotelvillasavoia.com\/wp-content\/uploads\/2019\/09\/HN-Copertina-LaghiDiAvigliana-1-67x35.jpg 67w, https:\/\/www.hotelvillasavoia.com\/wp-content\/uploads\/2019\/09\/HN-Copertina-LaghiDiAvigliana-1-152x80.jpg 152w, https:\/\/www.hotelvillasavoia.com\/wp-content\/uploads\/2019\/09\/HN-Copertina-LaghiDiAvigliana-1-394x207.jpg 394w, https:\/\/www.hotelvillasavoia.com\/wp-content\/uploads\/2019\/09\/HN-Copertina-LaghiDiAvigliana-1-915x480.jpg 915w, https:\/\/www.hotelvillasavoia.com\/wp-content\/uploads\/2019\/09\/HN-Copertina-LaghiDiAvigliana-1.jpg 1200w\" sizes=\"(max-width: 300px) 100vw, 300px\" \/><\/a> <a class=\"title\" href=\"https:\/\/www.hotelvillasavoia.com\/de\/umgebung\/avigliana-lakes\/\">Avigliana Seen<\/a> <span class=\"excerpt-dash\">&#8211;<\/span> <span class=\"excerpt\">Zu den Attraktionen der Region geh\u00f6rt der Naturpark der Seen von Avigliana, am Fu\u00dfe des&hellip; <span class=\"excerpt-more\">Leggi tutto<\/span><\/span><\/li><\/ul><\/p>\n<p style=\"text-align: center;\">\n\t\t\t\t\t\t\t\t<\/div>\n\t\t\t\t<\/div>\n\t\t\t\t\t<\/div>\n\t\t<\/div>\n\t\t\t\t\t<\/div>\n\t\t<\/section>\n\t\t\t\t<section class=\"elementor-section elementor-top-section elementor-element elementor-element-df69499 elementor-section-full_width cta-visualizza-stanze elementor-section-height-default elementor-section-height-default\" data-id=\"df69499\" data-element_type=\"section\" data-e-type=\"section\" data-settings=\"{&quot;background_background&quot;:&quot;classic&quot;}\">\n\t\t\t\t\t\t<div class=\"elementor-container elementor-column-gap-default\">\n\t\t\t\t\t<div class=\"elementor-column elementor-col-100 elementor-top-column elementor-element elementor-element-6210adc\" data-id=\"6210adc\" data-element_type=\"column\" data-e-type=\"column\">\n\t\t\t<div class=\"elementor-widget-wrap elementor-element-populated\">\n\t\t\t\t\t\t<section class=\"elementor-section elementor-inner-section elementor-element elementor-element-7aa1655 elementor-section-boxed elementor-section-height-default elementor-section-height-default\" data-id=\"7aa1655\" data-element_type=\"section\" data-e-type=\"section\">\n\t\t\t\t\t\t<div class=\"elementor-container elementor-column-gap-default\">\n\t\t\t\t\t<div class=\"elementor-column elementor-col-50 elementor-inner-column elementor-element elementor-element-0a269c8\" data-id=\"0a269c8\" data-element_type=\"column\" data-e-type=\"column\">\n\t\t\t<div class=\"elementor-widget-wrap elementor-element-populated\">\n\t\t\t\t\t\t<div class=\"elementor-element elementor-element-ada9bce elementor-widget elementor-widget-text-editor\" data-id=\"ada9bce\" data-element_type=\"widget\" data-e-type=\"widget\" data-widget_type=\"text-editor.default\">\n\t\t\t\t<div class=\"elementor-widget-container\">\n\t\t\t\t\t\t\t\t\t<h5>Siehe auch die anderen R\u00e4ume<br \/>\nunseres Hotels Ninfa<\/h5>\n\t\t\t\t\t\t\t\t<\/div>\n\t\t\t\t<\/div>\n\t\t\t\t\t<\/div>\n\t\t<\/div>\n\t\t\t\t<div class=\"elementor-column elementor-col-50 elementor-inner-column elementor-element elementor-element-d512694\" data-id=\"d512694\" data-element_type=\"column\" data-e-type=\"column\">\n\t\t\t<div class=\"elementor-widget-wrap elementor-element-populated\">\n\t\t\t\t\t\t<div class=\"elementor-element elementor-element-650d263 elementor-align-center elementor-widget elementor-widget-button\" data-id=\"650d263\" data-element_type=\"widget\" data-e-type=\"widget\" data-widget_type=\"button.default\">\n\t\t\t\t<div class=\"elementor-widget-container\">\n\t\t\t\t\t\t\t\t\t<div class=\"elementor-button-wrapper\">\n\t\t\t\t\t<a class=\"elementor-button elementor-button-link elementor-size-sm\" href=\"https:\/\/www.hotelvillasavoia.com\/de\/zimmer\/\">\n\t\t\t\t\t\t<span class=\"elementor-button-content-wrapper\">\n\t\t\t\t\t\t\t\t\t<span class=\"elementor-button-text\">ALLE SEHEN<\/span>\n\t\t\t\t\t<\/span>\n\t\t\t\t\t<\/a>\n\t\t\t\t<\/div>\n\t\t\t\t\t\t\t\t<\/div>\n\t\t\t\t<\/div>\n\t\t\t\t\t<\/div>\n\t\t<\/div>\n\t\t\t\t\t<\/div>\n\t\t<\/section>\n\t\t\t\t\t<\/div>\n\t\t<\/div>\n\t\t\t\t\t<\/div>\n\t\t<\/section>\n\t\t\t\t<\/div>\n\t\t","protected":false},"excerpt":{"rendered":"<p>UMGEBUNG In der N\u00e4he k\u00f6nnen Sie dank der Seen zum Angeln oder Wasserski fahren, Reitst\u00e4lle f\u00fcr Ausritte oder \u00f6kologische Spazierg\u00e4nge, &hellip; <a href=\"https:\/\/www.hotelvillasavoia.com\/de\/umgebung\/avigliana-lakes\/\">Weiterlesen<\/a><\/p>\n","protected":false},"author":19,"featured_media":0,"parent":0,"menu_order":0,"comment_status":"closed","ping_status":"closed","template":"","meta":{"footnotes":""},"class_list":["post-2945","page","type-page","status-publish","hentry"],"yoast_head":"<!-- This site is optimized with the Yoast SEO plugin v27.3 - https:\/\/yoast.com\/product\/yoast-seo-wordpress\/ -->\n<title>Was im Susatal zu sehen ist: Rund um das Hotel | Hotel Ninfa<\/title>\n<meta name=\"description\" content=\"Wenn Sie sich fragen, was Sie in Val di Susa sehen k\u00f6nnen, besuchen Sie unsere Website und entdecken Sie die sch\u00f6nsten Sehensw\u00fcrdigkeiten des Piemont, nur wenige Schritte von unserem Hotel entfernt.\" \/>\n<meta name=\"robots\" content=\"index, follow, max-snippet:-1, max-image-preview:large, max-video-preview:-1\" \/>\n<link rel=\"canonical\" href=\"https:\/\/www.hotelvillasavoia.com\/de\/umgebung\/\" \/>\n<meta property=\"og:locale\" content=\"de_DE\" \/>\n<meta property=\"og:type\" content=\"article\" \/>\n<meta property=\"og:title\" content=\"Was im Susatal zu sehen ist: Rund um das Hotel | Hotel Ninfa\" \/>\n<meta property=\"og:description\" content=\"Wenn Sie sich fragen, was Sie in Val di Susa sehen k\u00f6nnen, besuchen Sie unsere Website und entdecken Sie die sch\u00f6nsten Sehensw\u00fcrdigkeiten des Piemont, nur wenige Schritte von unserem Hotel entfernt.\" \/>\n<meta property=\"og:url\" content=\"https:\/\/www.hotelvillasavoia.com\/de\/umgebung\/\" \/>\n<meta property=\"og:site_name\" content=\"HotelVillaSavoia\" \/>\n<meta property=\"article:modified_time\" content=\"2019-11-26T17:08:26+00:00\" \/>\n<meta name=\"twitter:card\" content=\"summary_large_image\" \/>\n<meta name=\"twitter:label1\" content=\"Gesch\u00e4tzte Lesezeit\" \/>\n\t<meta name=\"twitter:data1\" content=\"1\u00a0Minute\" \/>\n<script type=\"application\/ld+json\" class=\"yoast-schema-graph\">{\"@context\":\"https:\\\/\\\/schema.org\",\"@graph\":[{\"@type\":\"WebPage\",\"@id\":\"https:\\\/\\\/www.hotelvillasavoia.com\\\/de\\\/umgebung\\\/\",\"url\":\"https:\\\/\\\/www.hotelvillasavoia.com\\\/de\\\/umgebung\\\/\",\"name\":\"Was im Susatal zu sehen ist: Rund um das Hotel | Hotel Ninfa\",\"isPartOf\":{\"@id\":\"https:\\\/\\\/www.hotelvillasavoia.com\\\/de\\\/#website\"},\"datePublished\":\"2019-10-24T10:03:09+00:00\",\"dateModified\":\"2019-11-26T17:08:26+00:00\",\"description\":\"Wenn Sie sich fragen, was Sie in Val di Susa sehen k\u00f6nnen, besuchen Sie unsere Website und entdecken Sie die sch\u00f6nsten Sehensw\u00fcrdigkeiten des Piemont, nur wenige Schritte von unserem Hotel entfernt.\",\"breadcrumb\":{\"@id\":\"https:\\\/\\\/www.hotelvillasavoia.com\\\/de\\\/umgebung\\\/#breadcrumb\"},\"inLanguage\":\"de\",\"potentialAction\":[{\"@type\":\"ReadAction\",\"target\":[\"https:\\\/\\\/www.hotelvillasavoia.com\\\/de\\\/umgebung\\\/\"]}]},{\"@type\":\"BreadcrumbList\",\"@id\":\"https:\\\/\\\/www.hotelvillasavoia.com\\\/de\\\/umgebung\\\/#breadcrumb\",\"itemListElement\":[{\"@type\":\"ListItem\",\"position\":1,\"name\":\"Home\",\"item\":\"https:\\\/\\\/www.hotelvillasavoia.com\\\/de\\\/\"},{\"@type\":\"ListItem\",\"position\":2,\"name\":\"Umgebung\"}]},{\"@type\":\"WebSite\",\"@id\":\"https:\\\/\\\/www.hotelvillasavoia.com\\\/de\\\/#website\",\"url\":\"https:\\\/\\\/www.hotelvillasavoia.com\\\/de\\\/\",\"name\":\"HotelVillaSavoia\",\"description\":\"\",\"potentialAction\":[{\"@type\":\"SearchAction\",\"target\":{\"@type\":\"EntryPoint\",\"urlTemplate\":\"https:\\\/\\\/www.hotelvillasavoia.com\\\/de\\\/?s={search_term_string}\"},\"query-input\":{\"@type\":\"PropertyValueSpecification\",\"valueRequired\":true,\"valueName\":\"search_term_string\"}}],\"inLanguage\":\"de\"}]}<\/script>\n<!-- \/ Yoast SEO plugin. -->","yoast_head_json":{"title":"Was im Susatal zu sehen ist: Rund um das Hotel | Hotel Ninfa","description":"Wenn Sie sich fragen, was Sie in Val di Susa sehen k\u00f6nnen, besuchen Sie unsere Website und entdecken Sie die sch\u00f6nsten Sehensw\u00fcrdigkeiten des Piemont, nur wenige Schritte von unserem Hotel entfernt.","robots":{"index":"index","follow":"follow","max-snippet":"max-snippet:-1","max-image-preview":"max-image-preview:large","max-video-preview":"max-video-preview:-1"},"canonical":"https:\/\/www.hotelvillasavoia.com\/de\/umgebung\/","og_locale":"de_DE","og_type":"article","og_title":"Was im Susatal zu sehen ist: Rund um das Hotel | Hotel Ninfa","og_description":"Wenn Sie sich fragen, was Sie in Val di Susa sehen k\u00f6nnen, besuchen Sie unsere Website und entdecken Sie die sch\u00f6nsten Sehensw\u00fcrdigkeiten des Piemont, nur wenige Schritte von unserem Hotel entfernt.","og_url":"https:\/\/www.hotelvillasavoia.com\/de\/umgebung\/","og_site_name":"HotelVillaSavoia","article_modified_time":"2019-11-26T17:08:26+00:00","twitter_card":"summary_large_image","twitter_misc":{"Gesch\u00e4tzte Lesezeit":"1\u00a0Minute"},"schema":{"@context":"https:\/\/schema.org","@graph":[{"@type":"WebPage","@id":"https:\/\/www.hotelvillasavoia.com\/de\/umgebung\/","url":"https:\/\/www.hotelvillasavoia.com\/de\/umgebung\/","name":"Was im Susatal zu sehen ist: Rund um das Hotel | Hotel Ninfa","isPartOf":{"@id":"https:\/\/www.hotelvillasavoia.com\/de\/#website"},"datePublished":"2019-10-24T10:03:09+00:00","dateModified":"2019-11-26T17:08:26+00:00","description":"Wenn Sie sich fragen, was Sie in Val di Susa sehen k\u00f6nnen, besuchen Sie unsere Website und entdecken Sie die sch\u00f6nsten Sehensw\u00fcrdigkeiten des Piemont, nur wenige Schritte von unserem Hotel entfernt.","breadcrumb":{"@id":"https:\/\/www.hotelvillasavoia.com\/de\/umgebung\/#breadcrumb"},"inLanguage":"de","potentialAction":[{"@type":"ReadAction","target":["https:\/\/www.hotelvillasavoia.com\/de\/umgebung\/"]}]},{"@type":"BreadcrumbList","@id":"https:\/\/www.hotelvillasavoia.com\/de\/umgebung\/#breadcrumb","itemListElement":[{"@type":"ListItem","position":1,"name":"Home","item":"https:\/\/www.hotelvillasavoia.com\/de\/"},{"@type":"ListItem","position":2,"name":"Umgebung"}]},{"@type":"WebSite","@id":"https:\/\/www.hotelvillasavoia.com\/de\/#website","url":"https:\/\/www.hotelvillasavoia.com\/de\/","name":"HotelVillaSavoia","description":"","potentialAction":[{"@type":"SearchAction","target":{"@type":"EntryPoint","urlTemplate":"https:\/\/www.hotelvillasavoia.com\/de\/?s={search_term_string}"},"query-input":{"@type":"PropertyValueSpecification","valueRequired":true,"valueName":"search_term_string"}}],"inLanguage":"de"}]}},"_links":{"self":[{"href":"https:\/\/www.hotelvillasavoia.com\/de\/wp-json\/wp\/v2\/pages\/2945","targetHints":{"allow":["GET"]}}],"collection":[{"href":"https:\/\/www.hotelvillasavoia.com\/de\/wp-json\/wp\/v2\/pages"}],"about":[{"href":"https:\/\/www.hotelvillasavoia.com\/de\/wp-json\/wp\/v2\/types\/page"}],"author":[{"embeddable":true,"href":"https:\/\/www.hotelvillasavoia.com\/de\/wp-json\/wp\/v2\/users\/19"}],"replies":[{"embeddable":true,"href":"https:\/\/www.hotelvillasavoia.com\/de\/wp-json\/wp\/v2\/comments?post=2945"}],"version-history":[{"count":9,"href":"https:\/\/www.hotelvillasavoia.com\/de\/wp-json\/wp\/v2\/pages\/2945\/revisions"}],"predecessor-version":[{"id":4293,"href":"https:\/\/www.hotelvillasavoia.com\/de\/wp-json\/wp\/v2\/pages\/2945\/revisions\/4293"}],"wp:attachment":[{"href":"https:\/\/www.hotelvillasavoia.com\/de\/wp-json\/wp\/v2\/media?parent=2945"}],"curies":[{"name":"wp","href":"https:\/\/api.w.org\/{rel}","templated":true}]}}